{"id":2,"date":"2025-04-16T15:10:21","date_gmt":"2025-04-16T15:10:21","guid":{"rendered":"https:\/\/bizmahi.rkinformatika.online\/?page_id=2"},"modified":"2025-04-29T10:29:01","modified_gmt":"2025-04-29T10:29:01","slug":"inicio","status":"publish","type":"page","link":"https:\/\/bizmahi.com\/eu\/","title":{"rendered":"Hasiera"},"content":{"rendered":"\t\t<div data-elementor-type=\"wp-page\" data-elementor-id=\"2\" class=\"elementor elementor-2\" data-elementor-post-type=\"page\">\n\t\t\t\t<div class=\"elementor-element elementor-element-251d489 e-con-full e-flex elementor-invisible e-con e-parent\" data-id=\"251d489\" data-element_type=\"container\" data-e-type=\"container\" data-settings=\"{&quot;background_background&quot;:&quot;classic&quot;,&quot;background_motion_fx_motion_fx_scrolling&quot;:&quot;yes&quot;,&quot;animation&quot;:&quot;fadeIn&quot;,&quot;background_motion_fx_devices&quot;:[&quot;desktop&quot;,&quot;tablet&quot;,&quot;mobile&quot;]}\">\n\t\t<div class=\"elementor-element elementor-element-96f9a67 e-flex e-con-boxed e-con e-child\" data-id=\"96f9a67\" data-element_type=\"container\" data-e-type=\"container\">\n\t\t\t\t\t<div class=\"e-con-inner\">\n\t\t\t\t<div class=\"elementor-element elementor-element-b278965 animated-slow elementor-widget__width-initial elementor-invisible elementor-widget elementor-widget-heading\" data-id=\"b278965\" data-element_type=\"widget\" data-e-type=\"widget\" data-settings=\"{&quot;_animation&quot;:&quot;fadeInDown&quot;}\" data-widget_type=\"heading.default\">\n\t\t\t\t<div class=\"elementor-widget-container\">\n\t\t\t\t\t<h2 class=\"elementor-heading-title elementor-size-default\">SOLUCIONES PROFESIONALES EN BIZMAHI\n<\/h2>\t\t\t\t<\/div>\n\t\t\t\t<\/div>\n\t\t\t\t<div class=\"elementor-element elementor-element-13a8d0e animated-slow elementor-widget__width-initial elementor-invisible elementor-widget elementor-widget-heading\" data-id=\"13a8d0e\" data-element_type=\"widget\" data-e-type=\"widget\" data-settings=\"{&quot;_animation&quot;:&quot;fadeInUp&quot;}\" data-widget_type=\"heading.default\">\n\t\t\t\t<div class=\"elementor-widget-container\">\n\t\t\t\t\t<h2 class=\"elementor-heading-title elementor-size-default\">Taller de maquinaria industrial y camiones<\/h2>\t\t\t\t<\/div>\n\t\t\t\t<\/div>\n\t\t\t\t\t<\/div>\n\t\t\t\t<\/div>\n\t\t\t\t<div class=\"elementor-element elementor-element-cd2076a elementor-align-center animated-slow elementor-invisible elementor-widget elementor-widget-button\" data-id=\"cd2076a\" data-element_type=\"widget\" data-e-type=\"widget\" data-settings=\"{&quot;_animation&quot;:&quot;fadeInLeft&quot;}\" data-widget_type=\"button.default\">\n\t\t\t\t<div class=\"elementor-widget-container\">\n\t\t\t\t\t\t\t\t\t<div class=\"elementor-button-wrapper\">\n\t\t\t\t\t<a class=\"elementor-button elementor-button-link elementor-size-sm\" href=\"https:\/\/bizmahi.com\/contacto\/\">\n\t\t\t\t\t\t<span class=\"elementor-button-content-wrapper\">\n\t\t\t\t\t\t\t\t\t<span class=\"elementor-button-text\">CONT\u00c1CTANOS<\/span>\n\t\t\t\t\t<\/span>\n\t\t\t\t\t<\/a>\n\t\t\t\t<\/div>\n\t\t\t\t\t\t\t\t<\/div>\n\t\t\t\t<\/div>\n\t\t\t\t<\/div>\n\t\t<div class=\"elementor-element elementor-element-c8258f1 e-flex e-con-boxed e-con e-parent\" data-id=\"c8258f1\" data-element_type=\"container\" data-e-type=\"container\">\n\t\t\t\t\t<div class=\"e-con-inner\">\n\t\t<div class=\"elementor-element elementor-element-080df75 e-con-full e-flex elementor-invisible e-con e-child\" data-id=\"080df75\" data-element_type=\"container\" data-e-type=\"container\" data-settings=\"{&quot;animation&quot;:&quot;fadeInLeft&quot;}\">\n\t\t<div class=\"elementor-element elementor-element-c9d0f61 e-con-full e-flex e-con e-child\" data-id=\"c9d0f61\" data-element_type=\"container\" data-e-type=\"container\">\n\t\t\t\t<div class=\"elementor-element elementor-element-446b490 elementor-widget elementor-widget-heading\" data-id=\"446b490\" data-element_type=\"widget\" data-e-type=\"widget\" data-widget_type=\"heading.default\">\n\t\t\t\t<div class=\"elementor-widget-container\">\n\t\t\t\t\t<h2 class=\"elementor-heading-title elementor-size-default\">Qui\u00e9nes somos<\/h2>\t\t\t\t<\/div>\n\t\t\t\t<\/div>\n\t\t\t\t<div class=\"elementor-element elementor-element-12a8633 elementor-widget-mobile__width-initial elementor-widget elementor-widget-text-editor\" data-id=\"12a8633\" data-element_type=\"widget\" data-e-type=\"widget\" data-widget_type=\"text-editor.default\">\n\t\t\t\t<div class=\"elementor-widget-container\">\n\t\t\t\t\t\t\t\t\t<p>En Bizmahi ofrecemos un servicio especializado y de calidad en el mantenimiento, reparaci\u00f3n y puesta a punto de todo tipo de maquinaria industrial y veh\u00edculos pesados. Trabajamos con una misi\u00f3n clara: que tu equipo nunca se detenga.<\/p><p>Contamos con un equipo t\u00e9cnico altamente cualificado y en constante formaci\u00f3n, herramientas de \u00faltima generaci\u00f3n y un compromiso total con la rapidez, la eficacia y la seguridad. Ya sea una revisi\u00f3n rutinaria, una aver\u00eda urgente o una reforma completa, te garantizamos un servicio adaptado a tus necesidades.<\/p>\t\t\t\t\t\t\t\t<\/div>\n\t\t\t\t<\/div>\n\t\t\t\t<\/div>\n\t\t\t\t<\/div>\n\t\t<div class=\"elementor-element elementor-element-fd76eb5 e-con-full e-flex elementor-invisible e-con e-child\" data-id=\"fd76eb5\" data-element_type=\"container\" data-e-type=\"container\" data-settings=\"{&quot;animation&quot;:&quot;fadeInRight&quot;}\">\n\t\t\t\t<div class=\"elementor-element elementor-element-dd64bc6 elementor-widget elementor-widget-image\" data-id=\"dd64bc6\" data-element_type=\"widget\" data-e-type=\"widget\" data-widget_type=\"image.default\">\n\t\t\t\t<div class=\"elementor-widget-container\">\n\t\t\t\t\t\t\t\t\t\t\t\t\t\t\t<img fetchpriority=\"high\" decoding=\"async\" width=\"1024\" height=\"1024\" src=\"https:\/\/bizmahi.com\/wp-content\/uploads\/2025\/04\/ChatGPT-Image-25-abr-2025-12_10_23-p.m.png\" class=\"attachment-full size-full wp-image-210\" alt=\"\" srcset=\"https:\/\/bizmahi.com\/wp-content\/uploads\/2025\/04\/ChatGPT-Image-25-abr-2025-12_10_23-p.m.png 1024w, https:\/\/bizmahi.com\/wp-content\/uploads\/2025\/04\/ChatGPT-Image-25-abr-2025-12_10_23-p.m-300x300.png 300w, https:\/\/bizmahi.com\/wp-content\/uploads\/2025\/04\/ChatGPT-Image-25-abr-2025-12_10_23-p.m-150x150.png 150w, https:\/\/bizmahi.com\/wp-content\/uploads\/2025\/04\/ChatGPT-Image-25-abr-2025-12_10_23-p.m-768x768.png 768w, https:\/\/bizmahi.com\/wp-content\/uploads\/2025\/04\/ChatGPT-Image-25-abr-2025-12_10_23-p.m-12x12.png 12w\" sizes=\"(max-width: 1024px) 100vw, 1024px\" \/>\t\t\t\t\t\t\t\t\t\t\t\t\t\t\t<\/div>\n\t\t\t\t<\/div>\n\t\t\t\t<\/div>\n\t\t\t\t\t<\/div>\n\t\t\t\t<\/div>\n\t\t<div class=\"elementor-element elementor-element-ea6c374 e-con-full e-flex elementor-invisible e-con e-parent\" data-id=\"ea6c374\" data-element_type=\"container\" data-e-type=\"container\" data-settings=\"{&quot;background_background&quot;:&quot;classic&quot;,&quot;background_motion_fx_motion_fx_scrolling&quot;:&quot;yes&quot;,&quot;animation&quot;:&quot;fadeIn&quot;,&quot;background_motion_fx_devices&quot;:[&quot;desktop&quot;,&quot;tablet&quot;,&quot;mobile&quot;]}\">\n\t\t<div class=\"elementor-element elementor-element-850a114 e-flex e-con-boxed e-con e-child\" data-id=\"850a114\" data-element_type=\"container\" data-e-type=\"container\">\n\t\t\t\t\t<div class=\"e-con-inner\">\n\t\t\t\t<div class=\"elementor-element elementor-element-a9f0218 animated-slow elementor-widget__width-initial elementor-invisible elementor-widget elementor-widget-heading\" data-id=\"a9f0218\" data-element_type=\"widget\" data-e-type=\"widget\" data-settings=\"{&quot;_animation&quot;:&quot;fadeInDown&quot;}\" data-widget_type=\"heading.default\">\n\t\t\t\t<div class=\"elementor-widget-container\">\n\t\t\t\t\t<h2 class=\"elementor-heading-title elementor-size-default\">NO SOLO REPARAMOS M\u00c1QUINAS, MANTENEMOS EN MARCHA TU NEGOCIO<\/h2>\t\t\t\t<\/div>\n\t\t\t\t<\/div>\n\t\t\t\t\t<\/div>\n\t\t\t\t<\/div>\n\t\t\t\t<div class=\"elementor-element elementor-element-7452fe6 elementor-align-center animated-slow elementor-invisible elementor-widget elementor-widget-button\" data-id=\"7452fe6\" data-element_type=\"widget\" data-e-type=\"widget\" data-settings=\"{&quot;_animation&quot;:&quot;fadeInLeft&quot;}\" data-widget_type=\"button.default\">\n\t\t\t\t<div class=\"elementor-widget-container\">\n\t\t\t\t\t\t\t\t\t<div class=\"elementor-button-wrapper\">\n\t\t\t\t\t<a class=\"elementor-button elementor-button-link elementor-size-sm\" href=\"https:\/\/bizmahi.com\/servicio\/\">\n\t\t\t\t\t\t<span class=\"elementor-button-content-wrapper\">\n\t\t\t\t\t\t\t\t\t<span class=\"elementor-button-text\">VER SERVICIOS<\/span>\n\t\t\t\t\t<\/span>\n\t\t\t\t\t<\/a>\n\t\t\t\t<\/div>\n\t\t\t\t\t\t\t\t<\/div>\n\t\t\t\t<\/div>\n\t\t\t\t<\/div>\n\t\t\t\t<\/div>\n\t\t","protected":false},"excerpt":{"rendered":"<p>SOLUCIONES PROFESIONALES EN BIZMAHI Taller de maquinaria industrial y camiones CONT\u00c1CTANOS Qui\u00e9nes somos En Bizmahi ofrecemos un servicio especializado y de calidad en el mantenimiento, reparaci\u00f3n y puesta a punto de todo tipo de maquinaria industrial y veh\u00edculos pesados. Trabajamos con una misi\u00f3n clara: que tu equipo nunca se detenga. Contamos con un equipo t\u00e9cnico [&hellip;]<\/p>\n","protected":false},"author":1,"featured_media":0,"parent":0,"menu_order":0,"comment_status":"closed","ping_status":"closed","template":"elementor_canvas","meta":{"footnotes":""},"class_list":["post-2","page","type-page","status-publish","hentry"],"yoast_head":"<!-- This site is optimized with the Yoast SEO plugin v27.5 - https:\/\/yoast.com\/product\/yoast-seo-wordpress\/ -->\n<title>Inicio - Bizkaina de Maquinaria Hidr\u00e1ulica<\/title>\n<meta name=\"robots\" content=\"index, follow, max-snippet:-1, max-image-preview:large, max-video-preview:-1\" \/>\n<link rel=\"canonical\" href=\"https:\/\/bizmahi.com\/eu\/\" \/>\n<meta property=\"og:locale\" content=\"en_US\" \/>\n<meta property=\"og:type\" content=\"article\" \/>\n<meta property=\"og:title\" content=\"Inicio - Bizkaina de Maquinaria Hidr\u00e1ulica\" \/>\n<meta property=\"og:description\" content=\"SOLUCIONES PROFESIONALES EN BIZMAHI Taller de maquinaria industrial y camiones CONT\u00c1CTANOS Qui\u00e9nes somos En Bizmahi ofrecemos un servicio especializado y de calidad en el mantenimiento, reparaci\u00f3n y puesta a punto de todo tipo de maquinaria industrial y veh\u00edculos pesados. Trabajamos con una misi\u00f3n clara: que tu equipo nunca se detenga. Contamos con un equipo t\u00e9cnico [&hellip;]\" \/>\n<meta property=\"og:url\" content=\"https:\/\/bizmahi.com\/eu\/\" \/>\n<meta property=\"og:site_name\" content=\"Bizkaina de Maquinaria Hidr\u00e1ulica\" \/>\n<meta property=\"article:modified_time\" content=\"2025-04-29T10:29:01+00:00\" \/>\n<meta property=\"og:image\" content=\"https:\/\/bizmahi.com\/wp-content\/uploads\/2025\/04\/ChatGPT-Image-25-abr-2025-12_10_23-p.m.png\" \/>\n<meta name=\"twitter:card\" content=\"summary_large_image\" \/>\n<meta name=\"twitter:label1\" content=\"Est. reading time\" \/>\n\t<meta name=\"twitter:data1\" content=\"1 minutua\" \/>\n<script type=\"application\/ld+json\" class=\"yoast-schema-graph\">{\"@context\":\"https:\\\/\\\/schema.org\",\"@graph\":[{\"@type\":\"WebPage\",\"@id\":\"https:\\\/\\\/bizmahi.com\\\/\",\"url\":\"https:\\\/\\\/bizmahi.com\\\/\",\"name\":\"Inicio - Bizkaina de Maquinaria Hidr\u00e1ulica\",\"isPartOf\":{\"@id\":\"https:\\\/\\\/bizmahi.com\\\/#website\"},\"primaryImageOfPage\":{\"@id\":\"https:\\\/\\\/bizmahi.com\\\/#primaryimage\"},\"image\":{\"@id\":\"https:\\\/\\\/bizmahi.com\\\/#primaryimage\"},\"thumbnailUrl\":\"https:\\\/\\\/bizmahi.com\\\/wp-content\\\/uploads\\\/2025\\\/04\\\/ChatGPT-Image-25-abr-2025-12_10_23-p.m.png\",\"datePublished\":\"2025-04-16T15:10:21+00:00\",\"dateModified\":\"2025-04-29T10:29:01+00:00\",\"breadcrumb\":{\"@id\":\"https:\\\/\\\/bizmahi.com\\\/#breadcrumb\"},\"inLanguage\":\"eu\",\"potentialAction\":[{\"@type\":\"ReadAction\",\"target\":[\"https:\\\/\\\/bizmahi.com\\\/\"]}]},{\"@type\":\"ImageObject\",\"inLanguage\":\"eu\",\"@id\":\"https:\\\/\\\/bizmahi.com\\\/#primaryimage\",\"url\":\"https:\\\/\\\/bizmahi.com\\\/wp-content\\\/uploads\\\/2025\\\/04\\\/ChatGPT-Image-25-abr-2025-12_10_23-p.m.png\",\"contentUrl\":\"https:\\\/\\\/bizmahi.com\\\/wp-content\\\/uploads\\\/2025\\\/04\\\/ChatGPT-Image-25-abr-2025-12_10_23-p.m.png\"},{\"@type\":\"BreadcrumbList\",\"@id\":\"https:\\\/\\\/bizmahi.com\\\/#breadcrumb\",\"itemListElement\":[{\"@type\":\"ListItem\",\"position\":1,\"name\":\"Portada\",\"item\":\"https:\\\/\\\/bizmahi.com\\\/\"},{\"@type\":\"ListItem\",\"position\":2,\"name\":\"Inicio\"}]},{\"@type\":\"WebSite\",\"@id\":\"https:\\\/\\\/bizmahi.com\\\/#website\",\"url\":\"https:\\\/\\\/bizmahi.com\\\/\",\"name\":\"Bizkaina de Maquinaria Hidr\u00e1ulica\",\"description\":\"En Bizmahi ofrecemos un servicio especializado y de calidad en el mantenimiento, reparaci\u00f3n y puesta a punto de todo tipo de maquinaria industrial y veh\u00edculos pesados. Trabajamos con una misi\u00f3n clara: que tu equipo nunca se detenga.\",\"publisher\":{\"@id\":\"https:\\\/\\\/bizmahi.com\\\/#organization\"},\"potentialAction\":[{\"@type\":\"SearchAction\",\"target\":{\"@type\":\"EntryPoint\",\"urlTemplate\":\"https:\\\/\\\/bizmahi.com\\\/?s={search_term_string}\"},\"query-input\":{\"@type\":\"PropertyValueSpecification\",\"valueRequired\":true,\"valueName\":\"search_term_string\"}}],\"inLanguage\":\"eu\"},{\"@type\":\"Organization\",\"@id\":\"https:\\\/\\\/bizmahi.com\\\/#organization\",\"name\":\"Bizkaina de Maquinaria Hidr\u00e1ulica\",\"url\":\"https:\\\/\\\/bizmahi.com\\\/\",\"logo\":{\"@type\":\"ImageObject\",\"inLanguage\":\"eu\",\"@id\":\"https:\\\/\\\/bizmahi.com\\\/#\\\/schema\\\/logo\\\/image\\\/\",\"url\":\"https:\\\/\\\/bizmahi.com\\\/wp-content\\\/uploads\\\/2025\\\/04\\\/cropped-logo_bizmahi.png\",\"contentUrl\":\"https:\\\/\\\/bizmahi.com\\\/wp-content\\\/uploads\\\/2025\\\/04\\\/cropped-logo_bizmahi.png\",\"width\":972,\"height\":277,\"caption\":\"Bizkaina de Maquinaria Hidr\u00e1ulica\"},\"image\":{\"@id\":\"https:\\\/\\\/bizmahi.com\\\/#\\\/schema\\\/logo\\\/image\\\/\"}}]}<\/script>\n<!-- \/ Yoast SEO plugin. -->","yoast_head_json":{"title":"Inicio - Bizkaina de Maquinaria Hidr\u00e1ulica","robots":{"index":"index","follow":"follow","max-snippet":"max-snippet:-1","max-image-preview":"max-image-preview:large","max-video-preview":"max-video-preview:-1"},"canonical":"https:\/\/bizmahi.com\/eu\/","og_locale":"en_US","og_type":"article","og_title":"Inicio - Bizkaina de Maquinaria Hidr\u00e1ulica","og_description":"SOLUCIONES PROFESIONALES EN BIZMAHI Taller de maquinaria industrial y camiones CONT\u00c1CTANOS Qui\u00e9nes somos En Bizmahi ofrecemos un servicio especializado y de calidad en el mantenimiento, reparaci\u00f3n y puesta a punto de todo tipo de maquinaria industrial y veh\u00edculos pesados. Trabajamos con una misi\u00f3n clara: que tu equipo nunca se detenga. Contamos con un equipo t\u00e9cnico [&hellip;]","og_url":"https:\/\/bizmahi.com\/eu\/","og_site_name":"Bizkaina de Maquinaria Hidr\u00e1ulica","article_modified_time":"2025-04-29T10:29:01+00:00","og_image":[{"url":"https:\/\/bizmahi.com\/wp-content\/uploads\/2025\/04\/ChatGPT-Image-25-abr-2025-12_10_23-p.m.png","type":"","width":"","height":""}],"twitter_card":"summary_large_image","twitter_misc":{"Est. reading time":"1 minutua"},"schema":{"@context":"https:\/\/schema.org","@graph":[{"@type":"WebPage","@id":"https:\/\/bizmahi.com\/","url":"https:\/\/bizmahi.com\/","name":"Inicio - Bizkaina de Maquinaria Hidr\u00e1ulica","isPartOf":{"@id":"https:\/\/bizmahi.com\/#website"},"primaryImageOfPage":{"@id":"https:\/\/bizmahi.com\/#primaryimage"},"image":{"@id":"https:\/\/bizmahi.com\/#primaryimage"},"thumbnailUrl":"https:\/\/bizmahi.com\/wp-content\/uploads\/2025\/04\/ChatGPT-Image-25-abr-2025-12_10_23-p.m.png","datePublished":"2025-04-16T15:10:21+00:00","dateModified":"2025-04-29T10:29:01+00:00","breadcrumb":{"@id":"https:\/\/bizmahi.com\/#breadcrumb"},"inLanguage":"eu","potentialAction":[{"@type":"ReadAction","target":["https:\/\/bizmahi.com\/"]}]},{"@type":"ImageObject","inLanguage":"eu","@id":"https:\/\/bizmahi.com\/#primaryimage","url":"https:\/\/bizmahi.com\/wp-content\/uploads\/2025\/04\/ChatGPT-Image-25-abr-2025-12_10_23-p.m.png","contentUrl":"https:\/\/bizmahi.com\/wp-content\/uploads\/2025\/04\/ChatGPT-Image-25-abr-2025-12_10_23-p.m.png"},{"@type":"BreadcrumbList","@id":"https:\/\/bizmahi.com\/#breadcrumb","itemListElement":[{"@type":"ListItem","position":1,"name":"Portada","item":"https:\/\/bizmahi.com\/"},{"@type":"ListItem","position":2,"name":"Inicio"}]},{"@type":"WebSite","@id":"https:\/\/bizmahi.com\/#website","url":"https:\/\/bizmahi.com\/","name":"Bizkaina de Maquinaria Hidr\u00e1ulica","description":"Bizmahin zerbitzu espezializatua eta kalitatezkoa eskaintzen dugu era guztietako makina industrialak eta ibilgailu astunak mantentzeko, konpontzeko eta prest jartzeko. Misio argi batekin lan egiten dugu: zure taldea ez dadila inoiz gelditu.","publisher":{"@id":"https:\/\/bizmahi.com\/#organization"},"potentialAction":[{"@type":"SearchAction","target":{"@type":"EntryPoint","urlTemplate":"https:\/\/bizmahi.com\/?s={search_term_string}"},"query-input":{"@type":"PropertyValueSpecification","valueRequired":true,"valueName":"search_term_string"}}],"inLanguage":"eu"},{"@type":"Organization","@id":"https:\/\/bizmahi.com\/#organization","name":"Bizkaina de Maquinaria Hidr\u00e1ulica","url":"https:\/\/bizmahi.com\/","logo":{"@type":"ImageObject","inLanguage":"eu","@id":"https:\/\/bizmahi.com\/#\/schema\/logo\/image\/","url":"https:\/\/bizmahi.com\/wp-content\/uploads\/2025\/04\/cropped-logo_bizmahi.png","contentUrl":"https:\/\/bizmahi.com\/wp-content\/uploads\/2025\/04\/cropped-logo_bizmahi.png","width":972,"height":277,"caption":"Bizkaina de Maquinaria Hidr\u00e1ulica"},"image":{"@id":"https:\/\/bizmahi.com\/#\/schema\/logo\/image\/"}}]}},"_links":{"self":[{"href":"https:\/\/bizmahi.com\/eu\/wp-json\/wp\/v2\/pages\/2","targetHints":{"allow":["GET"]}}],"collection":[{"href":"https:\/\/bizmahi.com\/eu\/wp-json\/wp\/v2\/pages"}],"about":[{"href":"https:\/\/bizmahi.com\/eu\/wp-json\/wp\/v2\/types\/page"}],"author":[{"embeddable":true,"href":"https:\/\/bizmahi.com\/eu\/wp-json\/wp\/v2\/users\/1"}],"replies":[{"embeddable":true,"href":"https:\/\/bizmahi.com\/eu\/wp-json\/wp\/v2\/comments?post=2"}],"version-history":[{"count":124,"href":"https:\/\/bizmahi.com\/eu\/wp-json\/wp\/v2\/pages\/2\/revisions"}],"predecessor-version":[{"id":656,"href":"https:\/\/bizmahi.com\/eu\/wp-json\/wp\/v2\/pages\/2\/revisions\/656"}],"wp:attachment":[{"href":"https:\/\/bizmahi.com\/eu\/wp-json\/wp\/v2\/media?parent=2"}],"curies":[{"name":"wp","href":"https:\/\/api.w.org\/{rel}","templated":true}]}}